{"id":8,"date":"2023-06-30T14:08:30","date_gmt":"2023-06-30T12:08:30","guid":{"rendered":"https:\/\/www.klaus-hassler.at\/?page_id=8"},"modified":"2023-10-05T16:51:48","modified_gmt":"2023-10-05T14:51:48","slug":"home","status":"publish","type":"page","link":"https:\/\/www.klaus-hassler.at\/","title":{"rendered":"Home"},"content":{"rendered":"<p>[et_pb_section fb_built=&#8220;1&#8243; next_background_color=&#8220;#141e28&#8243; _builder_version=&#8220;4.21.0&#8243; _module_preset=&#8220;default&#8220; background_color=&#8220;#ffffff&#8220; min_height=&#8220;787.7px&#8220; top_divider_height=&#8220;27px&#8220; bottom_divider_style=&#8220;asymmetric&#8220; bottom_divider_height=&#8220;52px&#8220; bottom_divider_repeat=&#8220;1x&#8220; global_colors_info=&#8220;{}&#8220;][et_pb_row column_structure=&#8220;1_2,1_2&#8243; _builder_version=&#8220;4.21.0&#8243; _module_preset=&#8220;default&#8220; global_colors_info=&#8220;{}&#8220;][et_pb_column type=&#8220;1_2&#8243; _builder_version=&#8220;4.21.0&#8243; _module_preset=&#8220;default&#8220; global_colors_info=&#8220;{}&#8220;][et_pb_text _builder_version=&#8220;4.21.0&#8243; _module_preset=&#8220;default&#8220; text_font=&#8220;coolvetica|300|||||||&#8220; text_text_color=&#8220;gcid-105752eb-49ed-4a29-b15f-d97b06c827f6&#8243; text_font_size=&#8220;18px&#8220; header_font=&#8220;Coolvetica|500|||||||&#8220; header_text_color=&#8220;gcid-105752eb-49ed-4a29-b15f-d97b06c827f6&#8243; header_font_size=&#8220;44px&#8220; global_colors_info=&#8220;{%22gcid-105752eb-49ed-4a29-b15f-d97b06c827f6%22:%91%22header_text_color%22,%22text_text_color%22%93}&#8220;]<\/p>\n<h1 style=\"text-align: left;\">Herzlich Willkommen!<\/h1>\n<p>&nbsp;<\/p>\n<p>Auf dieser Website m\u00f6chte ich Ihnen einen Einblick<br \/>in meine vielf\u00e4ltigen F\u00e4higkeiten und Projekte geben.<br \/>Als Mediendesigner bin ich leidenschaftlich darin, <br \/>einzigartige visuelle Konzepte zu entwickeln und <br \/>Ihre Botschaft auf faszinierende Weise zum Leben zu erwecken.<br \/>Mit einer Kombination aus technischer Expertise und<br \/>k\u00fcnstlerischem Gesp\u00fcr strebe ich danach, Ihre Marke,<br \/>Ihre Ideen und Ihr Unternehmen durch beeindruckendes<br \/>Design herausragen zu lassen.<\/p>\n<p>[\/et_pb_text][\/et_pb_column][et_pb_column type=&#8220;1_2&#8243; _builder_version=&#8220;4.21.0&#8243; _module_preset=&#8220;default&#8220; global_colors_info=&#8220;{}&#8220;][et_pb_image src=&#8220;https:\/\/www.klaus-hassler.at\/wp-content\/uploads\/2023\/10\/foto_kreis_blue.png&#8220; title_text=&#8220;foto_kreis_blue&#8220; _builder_version=&#8220;4.21.0&#8243; _module_preset=&#8220;default&#8220; width=&#8220;81%&#8220; module_alignment=&#8220;center&#8220; custom_margin=&#8220;-30px||-52px|-4px|false|false&#8220; hover_enabled=&#8220;0&#8243; global_colors_info=&#8220;{}&#8220; sticky_enabled=&#8220;0&#8243;][\/et_pb_image][\/et_pb_column][\/et_pb_row][et_pb_row column_structure=&#8220;1_3,1_3,1_3&#8243; _builder_version=&#8220;4.21.0&#8243; _module_preset=&#8220;default&#8220; custom_margin=&#8220;50px||||false|false&#8220; global_colors_info=&#8220;{}&#8220;][et_pb_column type=&#8220;1_3&#8243; _builder_version=&#8220;4.21.0&#8243; _module_preset=&#8220;default&#8220; global_colors_info=&#8220;{}&#8220;][et_pb_button button_url=&#8220;@ET-DC@eyJkeW5hbWljIjp0cnVlLCJjb250ZW50IjoicG9zdF9saW5rX3VybF9wYWdlIiwic2V0dGluZ3MiOnsicG9zdF9pZCI6Ijk1In19@&#8220; button_text=&#8220;Skills&#8220; button_alignment=&#8220;center&#8220; _builder_version=&#8220;4.21.0&#8243; _dynamic_attributes=&#8220;button_url&#8220; _module_preset=&#8220;default&#8220; custom_button=&#8220;on&#8220; button_text_color=&#8220;#FFFFFF&#8220; button_bg_color=&#8220;gcid-105752eb-49ed-4a29-b15f-d97b06c827f6&#8243; button_border_width=&#8220;0px&#8220; button_font=&#8220;Coolvetica|500|||||||&#8220; button_icon=&#8220;&#x39;||divi||400&#8243; button_icon_color=&#8220;#FFFFFF&#8220; animation_style=&#8220;flip&#8220; animation_direction=&#8220;right&#8220; custom_css_main_element=&#8220;min-width: 100px;&#8220; locked=&#8220;off&#8220; global_colors_info=&#8220;{%22gcid-105752eb-49ed-4a29-b15f-d97b06c827f6%22:%91%22button_bg_color%22%93}&#8220;][\/et_pb_button][\/et_pb_column][et_pb_column type=&#8220;1_3&#8243; _builder_version=&#8220;4.21.0&#8243; _module_preset=&#8220;default&#8220; global_colors_info=&#8220;{}&#8220;][et_pb_button button_url=&#8220;@ET-DC@eyJkeW5hbWljIjp0cnVlLCJjb250ZW50IjoicG9zdF9saW5rX3VybF9wYWdlIiwic2V0dGluZ3MiOnsicG9zdF9pZCI6IjEwIn19@&#8220; button_text=&#8220;Portfolio&#8220; button_alignment=&#8220;center&#8220; _builder_version=&#8220;4.21.0&#8243; _dynamic_attributes=&#8220;button_url&#8220; _module_preset=&#8220;default&#8220; custom_button=&#8220;on&#8220; button_text_color=&#8220;#FFFFFF&#8220; button_bg_color=&#8220;gcid-105752eb-49ed-4a29-b15f-d97b06c827f6&#8243; button_border_width=&#8220;0px&#8220; button_font=&#8220;Coolvetica|500|||||||&#8220; button_icon=&#8220;&#x39;||divi||400&#8243; button_icon_color=&#8220;#FFFFFF&#8220; animation_style=&#8220;flip&#8220; animation_direction=&#8220;right&#8220; custom_css_main_element=&#8220;min-width: 100px;&#8220; global_colors_info=&#8220;{%22gcid-105752eb-49ed-4a29-b15f-d97b06c827f6%22:%91%22button_bg_color%22%93}&#8220;][\/et_pb_button][\/et_pb_column][et_pb_column type=&#8220;1_3&#8243; _builder_version=&#8220;4.21.0&#8243; _module_preset=&#8220;default&#8220; global_colors_info=&#8220;{}&#8220;][et_pb_button button_url=&#8220;mailto:mail@klaus-hassler.at&#8220; button_text=&#8220;Mail&#8220; button_alignment=&#8220;center&#8220; _builder_version=&#8220;4.21.0&#8243; _module_preset=&#8220;default&#8220; custom_button=&#8220;on&#8220; button_text_color=&#8220;#FFFFFF&#8220; button_bg_color=&#8220;gcid-105752eb-49ed-4a29-b15f-d97b06c827f6&#8243; button_border_width=&#8220;0px&#8220; button_font=&#8220;Coolvetica|500|||||||&#8220; button_icon=&#8220;&#xe010;||divi||400&#8243; button_icon_color=&#8220;#FFFFFF&#8220; custom_margin=&#8220;|||0px|false|false&#8220; animation_style=&#8220;flip&#8220; animation_direction=&#8220;right&#8220; custom_css_main_element=&#8220;min-width: 100px;&#8220; locked=&#8220;off&#8220; global_colors_info=&#8220;{%22gcid-105752eb-49ed-4a29-b15f-d97b06c827f6%22:%91%22button_bg_color%22%93}&#8220;][\/et_pb_button][\/et_pb_column][\/et_pb_row][\/et_pb_section]<\/p>\n","protected":false},"excerpt":{"rendered":"<p>Herzlich Willkommen! &nbsp; Auf dieser Website m\u00f6chte ich Ihnen einen Einblickin meine vielf\u00e4ltigen F\u00e4higkeiten und Projekte geben.Als Mediendesigner bin ich leidenschaftlich darin, einzigartige visuelle Konzepte zu entwickeln und Ihre Botschaft auf faszinierende Weise zum Leben zu erwecken.Mit einer Kombination aus technischer Expertise undk\u00fcnstlerischem Gesp\u00fcr strebe ich danach, Ihre Marke,Ihre Ideen und Ihr Unternehmen durch beeindruckendesDesign [&hellip;]<\/p>\n","protected":false},"author":1,"featured_media":0,"parent":0,"menu_order":0,"comment_status":"closed","ping_status":"closed","template":"","meta":{"_et_pb_use_builder":"on","_et_pb_old_content":"<!-- wp:divi\/placeholder \/-->","_et_gb_content_width":"","footnotes":""},"class_list":["post-8","page","type-page","status-publish","hentry"],"_links":{"self":[{"href":"https:\/\/www.klaus-hassler.at\/index.php?rest_route=\/wp\/v2\/pages\/8","targetHints":{"allow":["GET"]}}],"collection":[{"href":"https:\/\/www.klaus-hassler.at\/index.php?rest_route=\/wp\/v2\/pages"}],"about":[{"href":"https:\/\/www.klaus-hassler.at\/index.php?rest_route=\/wp\/v2\/types\/page"}],"author":[{"embeddable":true,"href":"https:\/\/www.klaus-hassler.at\/index.php?rest_route=\/wp\/v2\/users\/1"}],"replies":[{"embeddable":true,"href":"https:\/\/www.klaus-hassler.at\/index.php?rest_route=%2Fwp%2Fv2%2Fcomments&post=8"}],"version-history":[{"count":16,"href":"https:\/\/www.klaus-hassler.at\/index.php?rest_route=\/wp\/v2\/pages\/8\/revisions"}],"predecessor-version":[{"id":138,"href":"https:\/\/www.klaus-hassler.at\/index.php?rest_route=\/wp\/v2\/pages\/8\/revisions\/138"}],"wp:attachment":[{"href":"https:\/\/www.klaus-hassler.at\/index.php?rest_route=%2Fwp%2Fv2%2Fmedia&parent=8"}],"curies":[{"name":"wp","href":"https:\/\/api.w.org\/{rel}","templated":true}]}}