{"id":10,"date":"2023-06-30T14:09:08","date_gmt":"2023-06-30T12:09:08","guid":{"rendered":"https:\/\/www.klaus-hassler.at\/?page_id=10"},"modified":"2023-11-16T19:12:28","modified_gmt":"2023-11-16T18:12:28","slug":"portfolio","status":"publish","type":"page","link":"https:\/\/www.klaus-hassler.at\/?page_id=10","title":{"rendered":"Portfolio"},"content":{"rendered":"<p>[et_pb_section fb_built=&#8220;1&#8243; _builder_version=&#8220;4.21.0&#8243; _module_preset=&#8220;default&#8220; global_colors_info=&#8220;{}&#8220;][et_pb_row _builder_version=&#8220;4.21.0&#8243; _module_preset=&#8220;default&#8220; global_colors_info=&#8220;{}&#8220;][et_pb_column type=&#8220;4_4&#8243; _builder_version=&#8220;4.21.0&#8243; _module_preset=&#8220;default&#8220; global_colors_info=&#8220;{}&#8220;][et_pb_text _builder_version=&#8220;4.21.0&#8243; _module_preset=&#8220;default&#8220; text_font=&#8220;Coolvetica||||||||&#8220; text_text_color=&#8220;gcid-476c08ae-c51c-4a3d-82e5-8a0961378169&#8243; header_font=&#8220;Coolvetica|500|||||||&#8220; header_text_color=&#8220;gcid-105752eb-49ed-4a29-b15f-d97b06c827f6&#8243; header_font_size=&#8220;48px&#8220; global_colors_info=&#8220;{%22gcid-105752eb-49ed-4a29-b15f-d97b06c827f6%22:%91%22header_text_color%22%93,%22gcid-476c08ae-c51c-4a3d-82e5-8a0961378169%22:%91%22text_text_color%22%93}&#8220;]<\/p>\n<h1>Portfolio<\/h1>\n<p>[\/et_pb_text][\/et_pb_column][\/et_pb_row][et_pb_row _builder_version=&#8220;4.21.0&#8243; _module_preset=&#8220;default&#8220; global_colors_info=&#8220;{}&#8220;][et_pb_column type=&#8220;4_4&#8243; _builder_version=&#8220;4.21.0&#8243; _module_preset=&#8220;default&#8220; global_colors_info=&#8220;{}&#8220;][et_pb_text _builder_version=&#8220;4.21.0&#8243; _module_preset=&#8220;default&#8220; text_font=&#8220;Coolvetica||||||||&#8220; text_text_color=&#8220;gcid-476c08ae-c51c-4a3d-82e5-8a0961378169&#8243; text_font_size=&#8220;18px&#8220; header_font=&#8220;Coolvetica|500|||||||&#8220; header_text_color=&#8220;gcid-105752eb-49ed-4a29-b15f-d97b06c827f6&#8243; header_font_size=&#8220;48px&#8220; locked=&#8220;off&#8220; global_colors_info=&#8220;{%22gcid-105752eb-49ed-4a29-b15f-d97b06c827f6%22:%91%22header_text_color%22%93,%22gcid-476c08ae-c51c-4a3d-82e5-8a0961378169%22:%91%22text_text_color%22%93}&#8220;]<\/p>\n<p>Absolut Drop Of Love Kampagne | Mediendesign Print &amp; Web | Motiongraphics<\/p>\n<p>[\/et_pb_text][\/et_pb_column][\/et_pb_row][et_pb_row _builder_version=&#8220;4.21.0&#8243; _module_preset=&#8220;default&#8220; global_colors_info=&#8220;{}&#8220;][et_pb_column type=&#8220;4_4&#8243; _builder_version=&#8220;4.21.0&#8243; _module_preset=&#8220;default&#8220; global_colors_info=&#8220;{}&#8220;][et_pb_video src_webm=&#8220;https:\/\/www.klaus-hassler.at\/wp-content\/uploads\/2023\/07\/Absolut_City_Light_Spot_16_9.mp4&#8243; image_src=&#8220;https:\/\/www.klaus-hassler.at\/wp-content\/uploads\/2023\/10\/Absolut_EOY_2018_A2_Poster_DNA4440.png&#8220; _builder_version=&#8220;4.21.0&#8243; _module_preset=&#8220;default&#8220; global_colors_info=&#8220;{}&#8220;][\/et_pb_video][et_pb_image src=&#8220;https:\/\/www.klaus-hassler.at\/wp-content\/uploads\/2023\/10\/Mockup_Lay3.png&#8220; title_text=&#8220;Mockup_Lay3&#8243; align=&#8220;right&#8220; _builder_version=&#8220;4.21.0&#8243; _module_preset=&#8220;default&#8220; width=&#8220;100%&#8220; global_colors_info=&#8220;{}&#8220;][\/et_pb_image][et_pb_divider color=&#8220;gcid-105752eb-49ed-4a29-b15f-d97b06c827f6&#8243; divider_weight=&#8220;2px&#8220; _builder_version=&#8220;4.21.0&#8243; _module_preset=&#8220;default&#8220; global_colors_info=&#8220;{%22gcid-105752eb-49ed-4a29-b15f-d97b06c827f6%22:%91%22color%22%93}&#8220;][\/et_pb_divider][\/et_pb_column][\/et_pb_row][et_pb_row _builder_version=&#8220;4.21.0&#8243; _module_preset=&#8220;default&#8220; global_colors_info=&#8220;{}&#8220;][et_pb_column type=&#8220;4_4&#8243; _builder_version=&#8220;4.21.0&#8243; _module_preset=&#8220;default&#8220; global_colors_info=&#8220;{}&#8220;][et_pb_text _builder_version=&#8220;4.21.0&#8243; _module_preset=&#8220;default&#8220; text_font=&#8220;Coolvetica||||||||&#8220; text_text_color=&#8220;gcid-476c08ae-c51c-4a3d-82e5-8a0961378169&#8243; text_font_size=&#8220;18px&#8220; header_font=&#8220;Coolvetica|500|||||||&#8220; header_text_color=&#8220;gcid-105752eb-49ed-4a29-b15f-d97b06c827f6&#8243; header_font_size=&#8220;48px&#8220; locked=&#8220;off&#8220; global_colors_info=&#8220;{%22gcid-105752eb-49ed-4a29-b15f-d97b06c827f6%22:%91%22header_text_color%22%93,%22gcid-476c08ae-c51c-4a3d-82e5-8a0961378169%22:%91%22text_text_color%22%93}&#8220;]<\/p>\n<p>Jameson Whiskey Geschenkpackung | Package Design | 3D Mock-up | Mediendesign Print<\/p>\n<p>[\/et_pb_text][et_pb_image src=&#8220;https:\/\/www.klaus-hassler.at\/wp-content\/uploads\/2023\/10\/jameson_mockup_fevertree_neu.png&#8220; title_text=&#8220;jameson_mockup_fevertree_neu&#8220; force_fullwidth=&#8220;on&#8220; _builder_version=&#8220;4.21.0&#8243; _module_preset=&#8220;default&#8220; global_colors_info=&#8220;{}&#8220;][\/et_pb_image][et_pb_divider color=&#8220;gcid-105752eb-49ed-4a29-b15f-d97b06c827f6&#8243; divider_weight=&#8220;2px&#8220; _builder_version=&#8220;4.21.0&#8243; _module_preset=&#8220;default&#8220; global_colors_info=&#8220;{%22gcid-105752eb-49ed-4a29-b15f-d97b06c827f6%22:%91%22color%22%93}&#8220;][\/et_pb_divider][\/et_pb_column][\/et_pb_row][et_pb_row _builder_version=&#8220;4.21.0&#8243; _module_preset=&#8220;default&#8220; global_colors_info=&#8220;{}&#8220;][et_pb_column type=&#8220;4_4&#8243; _builder_version=&#8220;4.21.0&#8243; _module_preset=&#8220;default&#8220; global_colors_info=&#8220;{}&#8220;][et_pb_text _builder_version=&#8220;4.21.0&#8243; _module_preset=&#8220;default&#8220; text_font=&#8220;Coolvetica||||||||&#8220; text_text_color=&#8220;gcid-476c08ae-c51c-4a3d-82e5-8a0961378169&#8243; text_font_size=&#8220;18px&#8220; header_font=&#8220;Coolvetica|500|||||||&#8220; header_text_color=&#8220;gcid-105752eb-49ed-4a29-b15f-d97b06c827f6&#8243; header_font_size=&#8220;48px&#8220; locked=&#8220;off&#8220; global_colors_info=&#8220;{%22gcid-105752eb-49ed-4a29-b15f-d97b06c827f6%22:%91%22header_text_color%22%93,%22gcid-476c08ae-c51c-4a3d-82e5-8a0961378169%22:%91%22text_text_color%22%93}&#8220;]<\/p>\n<p>Flyer f\u00fcr Jameson Irish Whiskey | Mediendesign Print<\/p>\n<p>[\/et_pb_text][et_pb_image src=&#8220;https:\/\/www.klaus-hassler.at\/wp-content\/uploads\/2023\/10\/jameson_gutschein_mockup_neu.png&#8220; title_text=&#8220;jameson_gutschein_mockup_neu&#8220; force_fullwidth=&#8220;on&#8220; _builder_version=&#8220;4.21.0&#8243; _module_preset=&#8220;default&#8220; global_colors_info=&#8220;{}&#8220;][\/et_pb_image][et_pb_divider color=&#8220;gcid-105752eb-49ed-4a29-b15f-d97b06c827f6&#8243; divider_weight=&#8220;2px&#8220; _builder_version=&#8220;4.21.0&#8243; _module_preset=&#8220;default&#8220; global_colors_info=&#8220;{%22gcid-105752eb-49ed-4a29-b15f-d97b06c827f6%22:%91%22color%22%93}&#8220;][\/et_pb_divider][\/et_pb_column][\/et_pb_row][et_pb_row _builder_version=&#8220;4.21.0&#8243; _module_preset=&#8220;default&#8220; global_colors_info=&#8220;{}&#8220;][et_pb_column type=&#8220;4_4&#8243; _builder_version=&#8220;4.21.0&#8243; _module_preset=&#8220;default&#8220; global_colors_info=&#8220;{}&#8220;][et_pb_text _builder_version=&#8220;4.21.0&#8243; _module_preset=&#8220;default&#8220; text_font=&#8220;Coolvetica||||||||&#8220; text_text_color=&#8220;gcid-476c08ae-c51c-4a3d-82e5-8a0961378169&#8243; text_font_size=&#8220;18px&#8220; header_font=&#8220;Coolvetica|500|||||||&#8220; header_text_color=&#8220;gcid-105752eb-49ed-4a29-b15f-d97b06c827f6&#8243; header_font_size=&#8220;48px&#8220; locked=&#8220;off&#8220; global_colors_info=&#8220;{%22gcid-105752eb-49ed-4a29-b15f-d97b06c827f6%22:%91%22header_text_color%22%93,%22gcid-476c08ae-c51c-4a3d-82e5-8a0961378169%22:%91%22text_text_color%22%93}&#8220;]<\/p>\n<p>Zeiler Tomaten Website | Webdesign | Word Press CMS<\/p>\n<p>[\/et_pb_text][et_pb_text _builder_version=&#8220;4.21.0&#8243; _module_preset=&#8220;default&#8220; text_font=&#8220;Coolvetica||||||||&#8220; text_text_color=&#8220;gcid-476c08ae-c51c-4a3d-82e5-8a0961378169&#8243; text_font_size=&#8220;18px&#8220; header_font=&#8220;Coolvetica|500|||||||&#8220; header_text_color=&#8220;gcid-105752eb-49ed-4a29-b15f-d97b06c827f6&#8243; header_font_size=&#8220;48px&#8220; global_colors_info=&#8220;{%22gcid-105752eb-49ed-4a29-b15f-d97b06c827f6%22:%91%22header_text_color%22%93,%22gcid-476c08ae-c51c-4a3d-82e5-8a0961378169%22:%91%22text_text_color%22%93}&#8220;]<\/p>\n<p><a href=\"tomaten.at\">tomaten.at<\/a><\/p>\n<p>[\/et_pb_text][et_pb_image src=&#8220;https:\/\/www.klaus-hassler.at\/wp-content\/uploads\/2023\/10\/website_mockup.png&#8220; title_text=&#8220;website_mockup&#8220; force_fullwidth=&#8220;on&#8220; _builder_version=&#8220;4.21.0&#8243; _module_preset=&#8220;default&#8220; global_colors_info=&#8220;{}&#8220;][\/et_pb_image][et_pb_divider color=&#8220;gcid-105752eb-49ed-4a29-b15f-d97b06c827f6&#8243; divider_weight=&#8220;2px&#8220; _builder_version=&#8220;4.21.0&#8243; _module_preset=&#8220;default&#8220; global_colors_info=&#8220;{%22gcid-105752eb-49ed-4a29-b15f-d97b06c827f6%22:%91%22color%22%93}&#8220;][\/et_pb_divider][\/et_pb_column][\/et_pb_row][et_pb_row _builder_version=&#8220;4.21.0&#8243; _module_preset=&#8220;default&#8220; global_colors_info=&#8220;{}&#8220;][et_pb_column type=&#8220;4_4&#8243; _builder_version=&#8220;4.21.0&#8243; _module_preset=&#8220;default&#8220; global_colors_info=&#8220;{}&#8220;][et_pb_text _builder_version=&#8220;4.21.0&#8243; _module_preset=&#8220;default&#8220; text_font=&#8220;Coolvetica||||||||&#8220; text_text_color=&#8220;gcid-476c08ae-c51c-4a3d-82e5-8a0961378169&#8243; text_font_size=&#8220;18px&#8220; header_font=&#8220;Coolvetica|500|||||||&#8220; header_text_color=&#8220;gcid-105752eb-49ed-4a29-b15f-d97b06c827f6&#8243; header_font_size=&#8220;48px&#8220; global_colors_info=&#8220;{%22gcid-105752eb-49ed-4a29-b15f-d97b06c827f6%22:%91%22header_text_color%22%93,%22gcid-476c08ae-c51c-4a3d-82e5-8a0961378169%22:%91%22text_text_color%22%93}&#8220;]<\/p>\n<p>Gipfeltreffen Event | Logo Entwicklung | Mediendesign Print<\/p>\n<p>[\/et_pb_text][\/et_pb_column][\/et_pb_row][et_pb_row _builder_version=&#8220;4.21.0&#8243; _module_preset=&#8220;default&#8220; global_colors_info=&#8220;{}&#8220;][et_pb_column type=&#8220;4_4&#8243; _builder_version=&#8220;4.21.0&#8243; _module_preset=&#8220;default&#8220; global_colors_info=&#8220;{}&#8220;][et_pb_image src=&#8220;https:\/\/www.klaus-hassler.at\/wp-content\/uploads\/2023\/07\/gipfeltreffen_mockup.png&#8220; title_text=&#8220;gipfeltreffen_mockup&#8220; _builder_version=&#8220;4.21.0&#8243; _module_preset=&#8220;default&#8220; global_colors_info=&#8220;{}&#8220;][\/et_pb_image][et_pb_divider color=&#8220;gcid-105752eb-49ed-4a29-b15f-d97b06c827f6&#8243; divider_weight=&#8220;2px&#8220; _builder_version=&#8220;4.21.0&#8243; _module_preset=&#8220;default&#8220; global_colors_info=&#8220;{%22gcid-105752eb-49ed-4a29-b15f-d97b06c827f6%22:%91%22color%22%93}&#8220;][\/et_pb_divider][\/et_pb_column][\/et_pb_row][et_pb_row _builder_version=&#8220;4.21.0&#8243; _module_preset=&#8220;default&#8220; locked=&#8220;off&#8220; global_colors_info=&#8220;{}&#8220;][et_pb_column type=&#8220;4_4&#8243; _builder_version=&#8220;4.21.0&#8243; _module_preset=&#8220;default&#8220; global_colors_info=&#8220;{}&#8220;][et_pb_text _builder_version=&#8220;4.21.0&#8243; _module_preset=&#8220;default&#8220; text_font=&#8220;Coolvetica||||||||&#8220; text_text_color=&#8220;gcid-476c08ae-c51c-4a3d-82e5-8a0961378169&#8243; text_font_size=&#8220;18px&#8220; header_font=&#8220;Coolvetica|500|||||||&#8220; header_text_color=&#8220;gcid-105752eb-49ed-4a29-b15f-d97b06c827f6&#8243; header_font_size=&#8220;48px&#8220; global_colors_info=&#8220;{%22gcid-105752eb-49ed-4a29-b15f-d97b06c827f6%22:%91%22header_text_color%22%93,%22gcid-476c08ae-c51c-4a3d-82e5-8a0961378169%22:%91%22text_text_color%22%93}&#8220;]<\/p>\n<p>Cine Blue Werbefolder | Mediendesign<\/p>\n<p>[\/et_pb_text][\/et_pb_column][\/et_pb_row][et_pb_row _builder_version=&#8220;4.21.0&#8243; _module_preset=&#8220;default&#8220; global_colors_info=&#8220;{}&#8220;][et_pb_column type=&#8220;4_4&#8243; _builder_version=&#8220;4.21.0&#8243; _module_preset=&#8220;default&#8220; global_colors_info=&#8220;{}&#8220;][et_pb_image src=&#8220;https:\/\/www.klaus-hassler.at\/wp-content\/uploads\/2023\/07\/cineblue_mockup.png&#8220; title_text=&#8220;cineblue_mockup&#8220; _builder_version=&#8220;4.21.0&#8243; _module_preset=&#8220;default&#8220; global_colors_info=&#8220;{}&#8220;][\/et_pb_image][et_pb_divider color=&#8220;gcid-105752eb-49ed-4a29-b15f-d97b06c827f6&#8243; divider_weight=&#8220;2px&#8220; _builder_version=&#8220;4.21.0&#8243; _module_preset=&#8220;default&#8220; global_colors_info=&#8220;{%22gcid-105752eb-49ed-4a29-b15f-d97b06c827f6%22:%91%22color%22%93}&#8220;][\/et_pb_divider][\/et_pb_column][\/et_pb_row][et_pb_row _builder_version=&#8220;4.21.0&#8243; _module_preset=&#8220;default&#8220; global_colors_info=&#8220;{}&#8220;][et_pb_column type=&#8220;4_4&#8243; _builder_version=&#8220;4.21.0&#8243; _module_preset=&#8220;default&#8220; global_colors_info=&#8220;{}&#8220;][et_pb_text _builder_version=&#8220;4.21.0&#8243; _module_preset=&#8220;default&#8220; text_font=&#8220;Coolvetica||||||||&#8220; text_text_color=&#8220;gcid-476c08ae-c51c-4a3d-82e5-8a0961378169&#8243; text_font_size=&#8220;18px&#8220; header_font=&#8220;Coolvetica|500|||||||&#8220; header_text_color=&#8220;gcid-105752eb-49ed-4a29-b15f-d97b06c827f6&#8243; header_font_size=&#8220;48px&#8220; locked=&#8220;off&#8220; global_colors_info=&#8220;{%22gcid-105752eb-49ed-4a29-b15f-d97b06c827f6%22:%91%22header_text_color%22%93,%22gcid-476c08ae-c51c-4a3d-82e5-8a0961378169%22:%91%22text_text_color%22%93}&#8220;]<\/p>\n<p>Werbefolder f\u00fcr Reiseb\u00fcro | Editorial Design<\/p>\n<p>[\/et_pb_text][et_pb_image src=&#8220;https:\/\/www.klaus-hassler.at\/wp-content\/uploads\/2023\/07\/katalog_mockup.png&#8220; title_text=&#8220;katalog_mockup&#8220; _builder_version=&#8220;4.21.0&#8243; _module_preset=&#8220;default&#8220; global_colors_info=&#8220;{}&#8220;][\/et_pb_image][et_pb_divider color=&#8220;gcid-105752eb-49ed-4a29-b15f-d97b06c827f6&#8243; divider_weight=&#8220;2px&#8220; _builder_version=&#8220;4.21.0&#8243; _module_preset=&#8220;default&#8220; global_colors_info=&#8220;{%22gcid-105752eb-49ed-4a29-b15f-d97b06c827f6%22:%91%22color%22%93}&#8220;][\/et_pb_divider][\/et_pb_column][\/et_pb_row][et_pb_row _builder_version=&#8220;4.21.0&#8243; _module_preset=&#8220;default&#8220; global_colors_info=&#8220;{}&#8220;][et_pb_column type=&#8220;4_4&#8243; _builder_version=&#8220;4.21.0&#8243; _module_preset=&#8220;default&#8220; global_colors_info=&#8220;{}&#8220;][et_pb_text _builder_version=&#8220;4.21.0&#8243; _module_preset=&#8220;default&#8220; text_font=&#8220;Coolvetica||||||||&#8220; text_text_color=&#8220;gcid-476c08ae-c51c-4a3d-82e5-8a0961378169&#8243; text_font_size=&#8220;18px&#8220; header_font=&#8220;Coolvetica|500|||||||&#8220; header_text_color=&#8220;gcid-105752eb-49ed-4a29-b15f-d97b06c827f6&#8243; header_font_size=&#8220;48px&#8220; locked=&#8220;off&#8220; global_colors_info=&#8220;{%22gcid-105752eb-49ed-4a29-b15f-d97b06c827f6%22:%91%22header_text_color%22%93,%22gcid-476c08ae-c51c-4a3d-82e5-8a0961378169%22:%91%22text_text_color%22%93}&#8220;]<\/p>\n<p>Advertorial f\u00fcr Havana Club | Mediendesign Print | Bildmontage<\/p>\n<p>[\/et_pb_text][et_pb_image src=&#8220;https:\/\/www.klaus-hassler.at\/wp-content\/uploads\/2023\/10\/bulli_mockup_neu.png&#8220; title_text=&#8220;bulli_mockup_neu&#8220; force_fullwidth=&#8220;on&#8220; _builder_version=&#8220;4.21.0&#8243; _module_preset=&#8220;default&#8220; global_colors_info=&#8220;{}&#8220;][\/et_pb_image][et_pb_divider color=&#8220;gcid-105752eb-49ed-4a29-b15f-d97b06c827f6&#8243; divider_weight=&#8220;2px&#8220; _builder_version=&#8220;4.21.0&#8243; _module_preset=&#8220;default&#8220; global_colors_info=&#8220;{%22gcid-105752eb-49ed-4a29-b15f-d97b06c827f6%22:%91%22color%22%93}&#8220;][\/et_pb_divider][\/et_pb_column][\/et_pb_row][et_pb_row _builder_version=&#8220;4.21.0&#8243; _module_preset=&#8220;default&#8220; global_colors_info=&#8220;{}&#8220;][et_pb_column type=&#8220;4_4&#8243; _builder_version=&#8220;4.21.0&#8243; _module_preset=&#8220;default&#8220; global_colors_info=&#8220;{}&#8220;][et_pb_text _builder_version=&#8220;4.21.0&#8243; _module_preset=&#8220;default&#8220; text_font=&#8220;Coolvetica||||||||&#8220; text_text_color=&#8220;gcid-476c08ae-c51c-4a3d-82e5-8a0961378169&#8243; text_font_size=&#8220;18px&#8220; header_font=&#8220;Coolvetica|500|||||||&#8220; header_text_color=&#8220;gcid-105752eb-49ed-4a29-b15f-d97b06c827f6&#8243; header_font_size=&#8220;48px&#8220; locked=&#8220;off&#8220; global_colors_info=&#8220;{%22gcid-105752eb-49ed-4a29-b15f-d97b06c827f6%22:%91%22header_text_color%22%93,%22gcid-476c08ae-c51c-4a3d-82e5-8a0961378169%22:%91%22text_text_color%22%93}&#8220;]<\/p>\n<p>Werbesujets f\u00fcr Babenberger Passage | Mediendesign Print<\/p>\n<p>[\/et_pb_text][et_pb_image src=&#8220;https:\/\/www.klaus-hassler.at\/wp-content\/uploads\/2023\/08\/WhatsApp-Image-2023-07-14-at-15.08.53.jpeg&#8220; title_text=&#8220;WhatsApp Image 2023-07-14 at 15.08.53&#8243; _builder_version=&#8220;4.21.0&#8243; _module_preset=&#8220;default&#8220; global_colors_info=&#8220;{}&#8220;][\/et_pb_image][et_pb_divider color=&#8220;gcid-105752eb-49ed-4a29-b15f-d97b06c827f6&#8243; divider_weight=&#8220;2px&#8220; _builder_version=&#8220;4.21.0&#8243; _module_preset=&#8220;default&#8220; global_colors_info=&#8220;{%22gcid-105752eb-49ed-4a29-b15f-d97b06c827f6%22:%91%22color%22%93}&#8220;][\/et_pb_divider][\/et_pb_column][\/et_pb_row][\/et_pb_section]<\/p>\n","protected":false},"excerpt":{"rendered":"<p>PortfolioAbsolut Drop Of Love Kampagne | Mediendesign Print &amp; Web | MotiongraphicsJameson Whiskey Geschenkpackung | Package Design | 3D Mock-up | Mediendesign PrintFlyer f\u00fcr Jameson Irish Whiskey | Mediendesign PrintZeiler Tomaten Website | Webdesign | Word Press CMStomaten.atGipfeltreffen Event | Logo Entwicklung | Mediendesign PrintCine Blue Werbefolder | MediendesignWerbefolder f\u00fcr Reiseb\u00fcro | Editorial DesignAdvertorial f\u00fcr [&hellip;]<\/p>\n","protected":false},"author":1,"featured_media":0,"parent":0,"menu_order":0,"comment_status":"closed","ping_status":"closed","template":"","meta":{"_et_pb_use_builder":"on","_et_pb_old_content":"<!-- wp:divi\/placeholder \/-->","_et_gb_content_width":"","footnotes":""},"class_list":["post-10","page","type-page","status-publish","hentry"],"_links":{"self":[{"href":"https:\/\/www.klaus-hassler.at\/index.php?rest_route=\/wp\/v2\/pages\/10","targetHints":{"allow":["GET"]}}],"collection":[{"href":"https:\/\/www.klaus-hassler.at\/index.php?rest_route=\/wp\/v2\/pages"}],"about":[{"href":"https:\/\/www.klaus-hassler.at\/index.php?rest_route=\/wp\/v2\/types\/page"}],"author":[{"embeddable":true,"href":"https:\/\/www.klaus-hassler.at\/index.php?rest_route=\/wp\/v2\/users\/1"}],"replies":[{"embeddable":true,"href":"https:\/\/www.klaus-hassler.at\/index.php?rest_route=%2Fwp%2Fv2%2Fcomments&post=10"}],"version-history":[{"count":17,"href":"https:\/\/www.klaus-hassler.at\/index.php?rest_route=\/wp\/v2\/pages\/10\/revisions"}],"predecessor-version":[{"id":148,"href":"https:\/\/www.klaus-hassler.at\/index.php?rest_route=\/wp\/v2\/pages\/10\/revisions\/148"}],"wp:attachment":[{"href":"https:\/\/www.klaus-hassler.at\/index.php?rest_route=%2Fwp%2Fv2%2Fmedia&parent=10"}],"curies":[{"name":"wp","href":"https:\/\/api.w.org\/{rel}","templated":true}]}}